{"id":701,"date":"2011-05-20T18:49:43","date_gmt":"2011-05-21T01:49:43","guid":{"rendered":"http:\/\/wpthemetestdata.wordpress.com\/?page_id=701"},"modified":"2026-04-29T14:23:14","modified_gmt":"2026-04-29T12:23:14","slug":"front-page","status":"publish","type":"page","link":"https:\/\/www.clubbep.it\/","title":{"rendered":"Club B&amp;P"},"content":{"rendered":"\t\t<div data-elementor-type=\"wp-page\" data-elementor-id=\"701\" class=\"elementor elementor-701\" data-elementor-post-type=\"page\">\n\t\t\t\t\t\t<section class=\"elementor-section elementor-top-section elementor-element elementor-element-4ac4dc9 elementor-section-boxed elementor-section-height-default elementor-section-height-default\" data-id=\"4ac4dc9\" data-element_type=\"section\" data-e-type=\"section\">\n\t\t\t\t\t\t<div class=\"elementor-container elementor-column-gap-default\">\n\t\t\t\t\t<div class=\"elementor-column elementor-col-100 elementor-top-column elementor-element elementor-element-bea9007\" data-id=\"bea9007\" data-element_type=\"column\" data-e-type=\"column\">\n\t\t\t<div class=\"elementor-widget-wrap elementor-element-populated\">\n\t\t\t\t\t\t<div class=\"elementor-element elementor-element-ba5d293 elementor-widget elementor-widget-image\" data-id=\"ba5d293\" data-element_type=\"widget\" data-e-type=\"widget\" data-widget_type=\"image.default\">\n\t\t\t\t<div class=\"elementor-widget-container\">\n\t\t\t\t\t\t\t\t\t\t\t\t\t\t\t<img fetchpriority=\"high\" decoding=\"async\" width=\"1500\" height=\"1000\" src=\"https:\/\/www.clubbep.it\/wp-content\/uploads\/2026\/04\/phone-mockup.png\" class=\"attachment-2048x2048 size-2048x2048 wp-image-2018\" alt=\"\" srcset=\"https:\/\/www.clubbep.it\/wp-content\/uploads\/2026\/04\/phone-mockup.png 1500w, https:\/\/www.clubbep.it\/wp-content\/uploads\/2026\/04\/phone-mockup-300x200.png 300w, https:\/\/www.clubbep.it\/wp-content\/uploads\/2026\/04\/phone-mockup-1024x683.png 1024w, https:\/\/www.clubbep.it\/wp-content\/uploads\/2026\/04\/phone-mockup-768x512.png 768w\" sizes=\"(max-width: 1500px) 100vw, 1500px\" \/>\t\t\t\t\t\t\t\t\t\t\t\t\t\t\t<\/div>\n\t\t\t\t<\/div>\n\t\t\t\t<div class=\"elementor-element elementor-element-ecb9dd0 elementor-widget elementor-widget-text-editor\" data-id=\"ecb9dd0\" data-element_type=\"widget\" data-e-type=\"widget\" data-widget_type=\"text-editor.default\">\n\t\t\t\t<div class=\"elementor-widget-container\">\n\t\t\t\t\t\t\t\t\t<h5>Se hai gi\u00e0 un conoscente da segnalarci puoi partire subito in quarta. Dopo aver compilato il form di richiesta infatti potrai ricevere il link per scaricare la nostra APP e registrarti come nostro Segnalatore.<br \/><br \/>Diventare nostro Segnalatore \u00e8 un\u2019occasione unica per poter <strong>incassare senza alzare un dito<\/strong>.<br \/><br \/>Il patto \u00e8 semplice: tu ci segnali un potenziale cliente a cui hai gi\u00e0 parlato di noi e si \u00e8 dimostrato interessato, noi curiamo tutta la trattativa. Quando il cliente firma il contratto e ci paga, tu riceverai la cifra pattuita.<br \/><br \/>L\u2019App \u201cClub B&amp;P\u201d ti aggiorner\u00e0 sull\u2019avanzamento della segnalazione in tempo reale, cos\u00ec sarai sempre aggiornato su quello che succede. Oltre a questo, un \u201c<strong>notaio virtuale<\/strong>\u201d rappresentato dalla Blockchain Ethereum valider\u00e0 ogni segnalazione rendendola trasparente e facendo s\u00ec che sia impossibile che tu non venga pagato. <br \/><br \/>In futuro potrai incassare le tue commissioni non solo in denaro, ma in alternativa potrai scegliere premi come buoni Amazon, buoni spesa, buoni benzina e tanto altro ancora. <br \/><br \/>Ora devi solo iniziare e procedere come segue:<br \/><br \/>Inserisci i tuoi dati in fondo a questa pagina<br \/>Ricevi la mail con le istruzioni<br \/>Nella mail troverai il link per scaricare la nostra APP<br \/>Inizia a mettere in moto la tua rete di contatti<br \/>Prenota la tua CALL per conoscerci<br \/>Ora vediamo un po\u2019 come puoi fare la tua prima segnalazione.<br \/><br \/>CHI SEGNALARE<\/h5><h5>\u00a0<\/h5><h5>COSA SEGNALARE<\/h5><h5><br \/>COME SEGNALARE<\/h5><h5><br \/>\u201c\u201cCollaboro con un\u2019azienda che aiuta imprese come la tua nella ottimizzazione fiscale e ristrutturazione del debito.<\/h5><h5>&#8230;..<\/h5><h5>Se vuoi, ti metto in contatto: grazie a me potresti avere una consulenza gratuita per trovare soluzioni qualificate nella gestione fiscale e aziendale\u201d<\/h5><h5>\u00a0<\/h5><h5>Effettua la segnalazione all\u2019interno dell\u2019APP e resta aggiornato sull\u2019andamento della trattativa, fino a quando ti chiameremo per venire a ritirare la tua provvigione.<\/h5>\t\t\t\t\t\t\t\t<\/div>\n\t\t\t\t<\/div>\n\t\t\t\t<div class=\"elementor-element elementor-element-88b4b89 elementor-widget elementor-widget-text-editor\" data-id=\"88b4b89\" data-element_type=\"widget\" data-e-type=\"widget\" data-widget_type=\"text-editor.default\">\n\t\t\t\t<div class=\"elementor-widget-container\">\n\t\t\t\t\t\t\t\t\t<p><em>Per lavorare come segnalatore non serve una partita IVA, quindi puoi farlo occasionalmente anche come privato. Superati i 5000 \u20ac di provvigioni incassate dovrai aprirti la tua partita IVA.<\/em><\/p>\t\t\t\t\t\t\t\t<\/div>\n\t\t\t\t<\/div>\n\t\t\t\t\t<\/div>\n\t\t<\/div>\n\t\t\t\t\t<\/div>\n\t\t<\/section>\n\t\t\t\t<section class=\"elementor-section elementor-top-section elementor-element elementor-element-942d24b elementor-section-boxed elementor-section-height-default elementor-section-height-default\" data-id=\"942d24b\" data-element_type=\"section\" data-e-type=\"section\" data-settings=\"{&quot;background_background&quot;:&quot;classic&quot;}\">\n\t\t\t\t\t\t<div class=\"elementor-container elementor-column-gap-default\">\n\t\t\t\t\t<div class=\"elementor-column elementor-col-100 elementor-top-column elementor-element elementor-element-e85f19e\" data-id=\"e85f19e\" data-element_type=\"column\" data-e-type=\"column\">\n\t\t\t<div class=\"elementor-widget-wrap elementor-element-populated\">\n\t\t\t\t\t\t<div class=\"elementor-element elementor-element-03c386f elementor-widget elementor-widget-heading\" data-id=\"03c386f\" data-element_type=\"widget\" data-e-type=\"widget\" data-widget_type=\"heading.default\">\n\t\t\t\t<div class=\"elementor-widget-container\">\n\t\t\t\t\t<h4 class=\"elementor-heading-title elementor-size-default\">Se vuoi entrare nel nostro CLUB, guadagnare importanti provvigioni, il primo passo \u00e8 farci sapere che sei interessato e a conoscerci meglio.\n\n\nCompila il form qui sotto, riceverai una mail con tutte le informazioni, il link dell'APP e sarai contattato nei prossimi giorni dal nostro Referral Director<\/h4>\t\t\t\t<\/div>\n\t\t\t\t<\/div>\n\t\t\t\t<div class=\"elementor-element elementor-element-c7e8d56 elementor-button-align-stretch elementor-widget elementor-widget-form\" data-id=\"c7e8d56\" data-element_type=\"widget\" data-e-type=\"widget\" data-settings=\"{&quot;step_next_label&quot;:&quot;Next&quot;,&quot;step_previous_label&quot;:&quot;Previous&quot;,&quot;button_width&quot;:&quot;100&quot;,&quot;step_type&quot;:&quot;number_text&quot;,&quot;step_icon_shape&quot;:&quot;circle&quot;}\" data-widget_type=\"form.default\">\n\t\t\t\t<div class=\"elementor-widget-container\">\n\t\t\t\t\t\t\t<form class=\"elementor-form\" method=\"post\" name=\"Formulario\" aria-label=\"Formulario\">\n\t\t\t<input type=\"hidden\" name=\"post_id\" value=\"701\"\/>\n\t\t\t<input type=\"hidden\" name=\"form_id\" value=\"c7e8d56\"\/>\n\t\t\t<input type=\"hidden\" name=\"referer_title\" value=\"\" \/>\n\n\t\t\t\t\t\t\t<input type=\"hidden\" name=\"queried_id\" value=\"701\"\/>\n\t\t\t\n\t\t\t<div class=\"elementor-form-fields-wrapper elementor-labels-above\">\n\t\t\t\t\t\t\t\t<div class=\"elementor-field-type-text elementor-field-group elementor-column elementor-field-group-name elementor-col-100 elementor-field-required elementor-mark-required\">\n\t\t\t\t\t\t\t\t\t\t\t\t<label for=\"form-field-name\" class=\"elementor-field-label\">\n\t\t\t\t\t\t\t\tNome\t\t\t\t\t\t\t<\/label>\n\t\t\t\t\t\t\t\t\t\t\t\t\t\t<input size=\"1\" type=\"text\" name=\"form_fields[name]\" id=\"form-field-name\" class=\"elementor-field elementor-size-sm  elementor-field-textual\" placeholder=\"Nome\" required=\"required\">\n\t\t\t\t\t\t\t\t\t\t\t<\/div>\n\t\t\t\t\t\t\t\t<div class=\"elementor-field-type-text elementor-field-group elementor-column elementor-field-group-field_4fc1d95 elementor-col-100 elementor-field-required elementor-mark-required\">\n\t\t\t\t\t\t\t\t\t\t\t\t<label for=\"form-field-field_4fc1d95\" class=\"elementor-field-label\">\n\t\t\t\t\t\t\t\tCognome\t\t\t\t\t\t\t<\/label>\n\t\t\t\t\t\t\t\t\t\t\t\t\t\t<input size=\"1\" type=\"text\" name=\"form_fields[field_4fc1d95]\" id=\"form-field-field_4fc1d95\" class=\"elementor-field elementor-size-sm  elementor-field-textual\" placeholder=\"Cognome\" required=\"required\">\n\t\t\t\t\t\t\t\t\t\t\t<\/div>\n\t\t\t\t\t\t\t\t<div class=\"elementor-field-type-email elementor-field-group elementor-column elementor-field-group-email elementor-col-100 elementor-field-required elementor-mark-required\">\n\t\t\t\t\t\t\t\t\t\t\t\t<label for=\"form-field-email\" class=\"elementor-field-label\">\n\t\t\t\t\t\t\t\tEmail\t\t\t\t\t\t\t<\/label>\n\t\t\t\t\t\t\t\t\t\t\t\t\t\t<input size=\"1\" type=\"email\" name=\"form_fields[email]\" id=\"form-field-email\" class=\"elementor-field elementor-size-sm  elementor-field-textual\" placeholder=\"Email\" required=\"required\">\n\t\t\t\t\t\t\t\t\t\t\t<\/div>\n\t\t\t\t\t\t\t\t<div class=\"elementor-field-type-text elementor-field-group elementor-column elementor-field-group-field_8962626 elementor-col-100\">\n\t\t\t\t\t\t\t\t\t\t\t\t<label for=\"form-field-field_8962626\" class=\"elementor-field-label\">\n\t\t\t\t\t\t\t\tCodice Postale\t\t\t\t\t\t\t<\/label>\n\t\t\t\t\t\t\t\t\t\t\t\t\t\t<input size=\"1\" type=\"text\" name=\"form_fields[field_8962626]\" id=\"form-field-field_8962626\" class=\"elementor-field elementor-size-sm  elementor-field-textual\" placeholder=\"Codice Postale\">\n\t\t\t\t\t\t\t\t\t\t\t<\/div>\n\t\t\t\t\t\t\t\t<div class=\"elementor-field-type-tel elementor-field-group elementor-column elementor-field-group-field_0595372 elementor-col-100 elementor-field-required elementor-mark-required\">\n\t\t\t\t\t\t\t\t\t\t\t\t<label for=\"form-field-field_0595372\" class=\"elementor-field-label\">\n\t\t\t\t\t\t\t\tCellulare\t\t\t\t\t\t\t<\/label>\n\t\t\t\t\t\t\t\t<input size=\"1\" type=\"tel\" name=\"form_fields[field_0595372]\" id=\"form-field-field_0595372\" class=\"elementor-field elementor-size-sm  elementor-field-textual\" placeholder=\"Cellulare\" required=\"required\" pattern=\"[0-9()#&amp;+*-=.]+\" title=\"Sono accettati solo numeri e caratteri telefonici (#, -, *, ecc.).\">\n\n\t\t\t\t\t\t<\/div>\n\t\t\t\t\t\t\t\t<div class=\"elementor-field-type-text elementor-field-group elementor-column elementor-field-group-field_9711ef1 elementor-col-100 elementor-field-required elementor-mark-required\">\n\t\t\t\t\t\t\t\t\t\t\t\t<label for=\"form-field-field_9711ef1\" class=\"elementor-field-label\">\n\t\t\t\t\t\t\t\tChi ti ha parlato di noi?\t\t\t\t\t\t\t<\/label>\n\t\t\t\t\t\t\t\t\t\t\t\t\t\t<input size=\"1\" type=\"text\" name=\"form_fields[field_9711ef1]\" id=\"form-field-field_9711ef1\" class=\"elementor-field elementor-size-sm  elementor-field-textual\" placeholder=\"Chi ti ha parlato di noi?\" required=\"required\">\n\t\t\t\t\t\t\t\t\t\t\t<\/div>\n\t\t\t\t\t\t\t\t<div class=\"elementor-field-type-radio elementor-field-group elementor-column elementor-field-group-message elementor-col-100 elementor-field-required elementor-mark-required\">\n\t\t\t\t\t\t\t\t\t\t\t\t<label for=\"form-field-message\" class=\"elementor-field-label\">\n\t\t\t\t\t\t\t\tQuale \u00e8 la tua occupazione?\t\t\t\t\t\t\t<\/label>\n\t\t\t\t\t\t<div class=\"elementor-field-subgroup  \"><span class=\"elementor-field-option\"><input type=\"radio\" value=\"Casalinga\" id=\"form-field-message-0\" name=\"form_fields[message]\" required=\"required\"> <label for=\"form-field-message-0\">Casalinga<\/label><\/span><span class=\"elementor-field-option\"><input type=\"radio\" value=\"Impiegato\" id=\"form-field-message-1\" name=\"form_fields[message]\" required=\"required\"> <label for=\"form-field-message-1\">Impiegato<\/label><\/span><span class=\"elementor-field-option\"><input type=\"radio\" value=\"Studente\" id=\"form-field-message-2\" name=\"form_fields[message]\" required=\"required\"> <label for=\"form-field-message-2\">Studente<\/label><\/span><span class=\"elementor-field-option\"><input type=\"radio\" value=\"Dipendente\" id=\"form-field-message-3\" name=\"form_fields[message]\" required=\"required\"> <label for=\"form-field-message-3\">Dipendente<\/label><\/span><span class=\"elementor-field-option\"><input type=\"radio\" value=\"Professionista\" id=\"form-field-message-4\" name=\"form_fields[message]\" required=\"required\"> <label for=\"form-field-message-4\">Professionista<\/label><\/span><span class=\"elementor-field-option\"><input type=\"radio\" value=\"Imprenditore\" id=\"form-field-message-5\" name=\"form_fields[message]\" required=\"required\"> <label for=\"form-field-message-5\">Imprenditore<\/label><\/span><span class=\"elementor-field-option\"><input type=\"radio\" value=\"Altro\" id=\"form-field-message-6\" name=\"form_fields[message]\" required=\"required\"> <label for=\"form-field-message-6\">Altro<\/label><\/span><\/div>\t\t\t\t<\/div>\n\t\t\t\t\t\t\t\t<div class=\"elementor-field-type-checkbox elementor-field-group elementor-column elementor-field-group-field_6aea640 elementor-col-100\">\n\t\t\t\t\t<div class=\"elementor-field-subgroup  \"><span class=\"elementor-field-option\"><input type=\"checkbox\" value=\"Rilascio Esplicito Consenso per ricevere comunicazioni Commerciali\" id=\"form-field-field_6aea640-0\" name=\"form_fields[field_6aea640]\"> <label for=\"form-field-field_6aea640-0\">Rilascio Esplicito Consenso per ricevere comunicazioni Commerciali<\/label><\/span><\/div>\t\t\t\t<\/div>\n\t\t\t\t\t\t\t\t<div class=\"elementor-field-type-checkbox elementor-field-group elementor-column elementor-field-group-field_5ab28ef elementor-col-100\">\n\t\t\t\t\t<div class=\"elementor-field-subgroup  \"><span class=\"elementor-field-option\"><input type=\"checkbox\" value=\"Dichiaro di aver letto e approvato l&#039;informativa GDPR \" id=\"form-field-field_5ab28ef-0\" name=\"form_fields[field_5ab28ef]\"> <label for=\"form-field-field_5ab28ef-0\">Dichiaro di aver letto e approvato l'informativa GDPR <\/label><\/span><\/div>\t\t\t\t<\/div>\n\t\t\t\t\t\t\t\t<div class=\"elementor-field-group elementor-column elementor-field-type-submit elementor-col-100 e-form__buttons\">\n\t\t\t\t\t<button class=\"elementor-button elementor-size-sm\" type=\"submit\">\n\t\t\t\t\t\t<span class=\"elementor-button-content-wrapper\">\n\t\t\t\t\t\t\t\t\t\t\t\t\t\t\t\t\t\t\t\t\t\t<span class=\"elementor-button-text\">Invia canditatura<\/span>\n\t\t\t\t\t\t\t\t\t\t\t\t\t<\/span>\n\t\t\t\t\t<\/button>\n\t\t\t\t<\/div>\n\t\t\t<\/div>\n\t\t<\/form>\n\t\t\t\t\t\t<\/div>\n\t\t\t\t<\/div>\n\t\t\t\t\t<\/div>\n\t\t<\/div>\n\t\t\t\t\t<\/div>\n\t\t<\/section>\n\t\t\t\t<section class=\"elementor-section elementor-top-section elementor-element elementor-element-13c00b9 elementor-section-boxed elementor-section-height-default elementor-section-height-default\" data-id=\"13c00b9\" data-element_type=\"section\" data-e-type=\"section\">\n\t\t\t\t\t\t<div class=\"elementor-container elementor-column-gap-default\">\n\t\t\t\t\t<div class=\"elementor-column elementor-col-100 elementor-top-column elementor-element elementor-element-4152e34\" data-id=\"4152e34\" data-element_type=\"column\" data-e-type=\"column\">\n\t\t\t<div class=\"elementor-widget-wrap elementor-element-populated\">\n\t\t\t\t\t\t<div class=\"elementor-element elementor-element-2bd7f14 elementor-widget elementor-widget-text-editor\" data-id=\"2bd7f14\" data-element_type=\"widget\" data-e-type=\"widget\" data-widget_type=\"text-editor.default\">\n\t\t\t\t<div class=\"elementor-widget-container\">\n\t\t\t\t\t\t\t\t\t<p style=\"text-align: center;\"><strong>Brancozzi &amp; Partners Srl<\/strong><\/p><p style=\"text-align: center;\">Via Mazzini, 57 &#8211; 63844 Grottazzolina (FM)<\/p><p style=\"text-align: center;\">P.IVA 00655420446<\/p>\t\t\t\t\t\t\t\t<\/div>\n\t\t\t\t<\/div>\n\t\t\t\t\t<\/div>\n\t\t<\/div>\n\t\t\t\t\t<\/div>\n\t\t<\/section>\n\t\t\t\t<section class=\"elementor-section elementor-top-section elementor-element elementor-element-2748f2f elementor-section-boxed elementor-section-height-default elementor-section-height-default\" data-id=\"2748f2f\" data-element_type=\"section\" data-e-type=\"section\">\n\t\t\t\t\t\t<div class=\"elementor-container elementor-column-gap-default\">\n\t\t\t\t\t<div class=\"elementor-column elementor-col-100 elementor-top-column elementor-element elementor-element-4be0a88\" data-id=\"4be0a88\" data-element_type=\"column\" data-e-type=\"column\">\n\t\t\t<div class=\"elementor-widget-wrap elementor-element-populated\">\n\t\t\t\t\t\t<div class=\"elementor-element elementor-element-5e6dce6 elementor-widget elementor-widget-text-editor\" data-id=\"5e6dce6\" data-element_type=\"widget\" data-e-type=\"widget\" data-widget_type=\"text-editor.default\">\n\t\t\t\t<div class=\"elementor-widget-container\">\n\t\t\t\t\t\t\t\t\t<p style=\"text-align: center;\"><em>Questo servizio \u00e8 stato realizzato grazie a www.segnalazionevincente.com<\/em><\/p>\t\t\t\t\t\t\t\t<\/div>\n\t\t\t\t<\/div>\n\t\t\t\t\t<\/div>\n\t\t<\/div>\n\t\t\t\t\t<\/div>\n\t\t<\/section>\n\t\t\t\t<\/div>\n\t\t","protected":false},"excerpt":{"rendered":"<p>Se hai gi\u00e0 un conoscente da segnalarci puoi partire subito in quarta. Dopo aver compilato il form di richiesta infatti potrai ricevere il link per scaricare la nostra APP e registrarti come nostro Segnalatore. Diventare<\/p>\n","protected":false},"author":1,"featured_media":0,"parent":0,"menu_order":0,"comment_status":"open","ping_status":"closed","template":"","meta":{"footnotes":""},"class_list":["post-701","page","type-page","status-publish","hentry"],"_links":{"self":[{"href":"https:\/\/www.clubbep.it\/index.php?rest_route=\/wp\/v2\/pages\/701","targetHints":{"allow":["GET"]}}],"collection":[{"href":"https:\/\/www.clubbep.it\/index.php?rest_route=\/wp\/v2\/pages"}],"about":[{"href":"https:\/\/www.clubbep.it\/index.php?rest_route=\/wp\/v2\/types\/page"}],"author":[{"embeddable":true,"href":"https:\/\/www.clubbep.it\/index.php?rest_route=\/wp\/v2\/users\/1"}],"replies":[{"embeddable":true,"href":"https:\/\/www.clubbep.it\/index.php?rest_route=%2Fwp%2Fv2%2Fcomments&post=701"}],"version-history":[{"count":13,"href":"https:\/\/www.clubbep.it\/index.php?rest_route=\/wp\/v2\/pages\/701\/revisions"}],"predecessor-version":[{"id":2021,"href":"https:\/\/www.clubbep.it\/index.php?rest_route=\/wp\/v2\/pages\/701\/revisions\/2021"}],"wp:attachment":[{"href":"https:\/\/www.clubbep.it\/index.php?rest_route=%2Fwp%2Fv2%2Fmedia&parent=701"}],"curies":[{"name":"wp","href":"https:\/\/api.w.org\/{rel}","templated":true}]}}